{"id":34,"date":"2021-10-20T14:28:05","date_gmt":"2021-10-20T12:28:05","guid":{"rendered":"https:\/\/www-2021.scienzenutrizione.uniroma2.it\/?page_id=34"},"modified":"2025-11-04T11:40:19","modified_gmt":"2025-11-04T10:40:19","slug":"contatti","status":"publish","type":"page","link":"https:\/\/www-2021.scienzenutrizione.uniroma2.it\/?page_id=34","title":{"rendered":"Personale e contatti"},"content":{"rendered":"\n<div class=\"wp-block-group\"><div class=\"wp-block-group__inner-container is-layout-flow wp-block-group-is-layout-flow\">\n<p class=\"has-vivid-red-color has-text-color has-medium-font-size\"><strong>Coordinatore del Corso di Studi<\/strong><\/p>\n<\/div><\/div>\n\n\n\n<p class=\"has-black-color has-text-color\">Prof. Maria Valeria Catani<br>E-mail:<mark style=\"background-color:rgba(0, 0, 0, 0);color:#0316c0\" class=\"has-inline-color\">&nbsp;<\/mark><a href=\"mailto:catani@uniroma2.it\"><mark style=\"background-color:rgba(0, 0, 0, 0);color:#0316c0\" class=\"has-inline-color\">catani@uniroma2.it<\/mark><\/a><br>Orario di ricevimento: su appuntamento tramite mail<br>Studio F172 &#8211; Torre F Nord, primo piano &#8211; Facolt\u00e0 di Medicina e Chirurgia<br>Via Montpellier 1, 00133 Roma<br>Tel. 06 7259 6465<br><\/p>\n\n\n\n<p class=\"has-vivid-red-color has-text-color has-medium-font-size\"><strong>Segreteria didattica<\/strong><\/p>\n\n\n\n<p>Claudia Lucrezio Monticelli<br>E-mail:&nbsp;<a href=\"mailto:sc.nutrizioneumana@med.uniroma2.it\"><mark style=\"background-color:rgba(0, 0, 0, 0);color:#0316c0\" class=\"has-inline-color\">sc.nutrizioneumana@med.uniroma2.it<\/mark><\/a><br>Orario di ricevimento: su appuntamento tramite mail<br>Studio F88 &#8211; Torre F Nord, piano terra &#8211; Facolt\u00e0 di Medicina e Chirurgia<br>Via Montpellier 1, 00133 Roma<br>Tel. 06 7259 6387<\/p>\n\n\n\n<p class=\"has-vivid-red-color has-text-color has-medium-font-size\"><strong>Segreteria studenti<\/strong><\/p>\n\n\n\n<div class=\"wp-block-group\"><div class=\"wp-block-group__inner-container is-layout-flow wp-block-group-is-layout-flow\">\n<p class=\"has-black-color has-text-color\">Macroarea di Scienze<br>Responsabile: A. Mariucci interno 067259-4093; <br>P. Morelli int. 4832; S. Pallotta int. 4830; M. Minotti int. 4092; M. Caredda int. 4831.<br>Orario di ricevimento:&nbsp;<strong>luned\u00ec | mercoled\u00ec | venerd\u00ec ore 09:00-12:00 | mercoled\u00ec 14:00-16:00<\/strong><\/p>\n\n\n\n<p><a rel=\"noreferrer noopener\" href=\"https:\/\/www-2021.scienzenutrizione.uniroma2.it\/wp-content\/uploads\/2021\/12\/INFORMAZIONI-UFFICIO-SEGRETERIA-STUDENTI-new-1.pdf\" target=\"_blank\"><mark style=\"background-color:rgba(0, 0, 0, 0);color:#0316c0\" class=\"has-inline-color\">Informazioni segreteria studenti<\/mark><\/a><br><a href=\"https:\/\/web.uniroma2.it\/it\/percorso\/segreterie_studenti\"><mark style=\"background-color:rgba(0, 0, 0, 0);color:#0316c0\" class=\"has-inline-color\">https:\/\/web.uniroma2.it\/it\/percorso\/segreterie_studenti<\/mark><\/a><\/p>\n<\/div><\/div>\n\n\n\n<p class=\"has-vivid-red-color has-text-color has-medium-font-size\"><strong>Gruppo di Gestione per AQ e Gruppo di Riesame<\/strong><\/p>\n\n\n\n<p>Prof.ssa Maria Valeria Catani (Coordinatore del CdS)<br>Prof.ssa Isabella Savini (Docente del CdS e Referente Assicurazione della Qualit\u00e0 del CdS)<br>Prof.ssa Valeria Gasperi (Docente del Cds)<br>Prof.ssa Claudia Matteucci (Docente del CdS)<br>Dr.ssa Claudia Lucrezio Monticelli (Tecnico Amministrativo &#8211; Segretaria didattica)<br>Rappresentanti degli studenti (nominati all&#8217;inizio di ogni anno accademico)<br><\/p>\n\n\n\n<p class=\"has-vivid-red-color has-text-color has-medium-font-size\"><strong>Personale tecnico amministrativo<\/strong><\/p>\n\n\n\n<div class=\"wp-block-group\"><div class=\"wp-block-group__inner-container is-layout-flow wp-block-group-is-layout-flow\">\n<p class=\"has-black-color has-text-color\"><em>Samanta Marianelli<\/em>  <br>Manager didattico. Presidenza Macroarea di Scienze (<mark style=\"background-color:rgba(0, 0, 0, 0);color:#0316c0\" class=\"has-inline-color\">samanta.marianelli@uniroma2.it<\/mark>)<br><em>Fabio Peresempio<\/em> <br>Logistica aule. Presidenza Macroarea di Scienze (<mark style=\"background-color:rgba(0, 0, 0, 0);color:#0316c0\" class=\"has-inline-color\">fabio.peresempio@uniroma2.it<\/mark>)<br><br><em>Barbara Bulgarini<\/em>  <br>Manager didattico. Presidenza Facolt\u00e0 di Medicina &amp; Chirurgia (<mark style=\"background-color:rgba(0, 0, 0, 0);color:#0316c0\" class=\"has-inline-color\">barbara.bulgarini@uniroma2.it<\/mark>)<br><em>Maria Cristina Bu\u00e8<\/em> <br>Manager didattico. Presidenza Facolt\u00e0 di Medicina &amp; Chirurgia (<mark style=\"background-color:rgba(0, 0, 0, 0);color:#0316c0\" class=\"has-inline-color\">maria.cristina.bue@uniroma2.it<\/mark>)<br><em>Andrea Bernabei<\/em><br>Logistica aule. Presidenza Facolt\u00e0 di Medicina &amp; Chirurgia (<mark style=\"background-color:rgba(0, 0, 0, 0);color:#0316c0\" class=\"has-inline-color\">andrea.bernabei@uniroma2.it<\/mark>)<br><em>Stefano Chiappini<\/em><br>Contratti di insegnamento. Presidenza Facolt\u00e0 di Medicina &amp; Chirurgia (<mark style=\"background-color:rgba(0, 0, 0, 0);color:#0316c0\" class=\"has-inline-color\">stefano.chiappini@uniroma2.it<\/mark>)<br><\/p>\n<\/div><\/div>\n\n\n\n<p><\/p>\n\n\n\n<p><\/p>\n","protected":false},"excerpt":{"rendered":"<p>Coordinatore del Corso di Studi Prof. Maria Valeria CataniE-mail:&nbsp;catani@uniroma2.itOrario di ricevimento: su appuntamento tramite mailStudio F172 &#8211; Torre F Nord, primo piano &#8211; Facolt\u00e0 di Medicina e ChirurgiaVia Montpellier 1, 00133 RomaTel. 06 7259 6465 Segreteria didattica Claudia Lucrezio MonticelliE-mail:&nbsp;sc.nutrizioneumana@med.uniroma2.itOrario<\/p>\n","protected":false},"author":1,"featured_media":0,"parent":32,"menu_order":0,"comment_status":"closed","ping_status":"closed","template":"","meta":{"footnotes":""},"class_list":["post-34","page","type-page","status-publish","hentry"],"_links":{"self":[{"href":"https:\/\/www-2021.scienzenutrizione.uniroma2.it\/index.php?rest_route=\/wp\/v2\/pages\/34","targetHints":{"allow":["GET"]}}],"collection":[{"href":"https:\/\/www-2021.scienzenutrizione.uniroma2.it\/index.php?rest_route=\/wp\/v2\/pages"}],"about":[{"href":"https:\/\/www-2021.scienzenutrizione.uniroma2.it\/index.php?rest_route=\/wp\/v2\/types\/page"}],"author":[{"embeddable":true,"href":"https:\/\/www-2021.scienzenutrizione.uniroma2.it\/index.php?rest_route=\/wp\/v2\/users\/1"}],"replies":[{"embeddable":true,"href":"https:\/\/www-2021.scienzenutrizione.uniroma2.it\/index.php?rest_route=%2Fwp%2Fv2%2Fcomments&post=34"}],"version-history":[{"count":43,"href":"https:\/\/www-2021.scienzenutrizione.uniroma2.it\/index.php?rest_route=\/wp\/v2\/pages\/34\/revisions"}],"predecessor-version":[{"id":4497,"href":"https:\/\/www-2021.scienzenutrizione.uniroma2.it\/index.php?rest_route=\/wp\/v2\/pages\/34\/revisions\/4497"}],"up":[{"embeddable":true,"href":"https:\/\/www-2021.scienzenutrizione.uniroma2.it\/index.php?rest_route=\/wp\/v2\/pages\/32"}],"wp:attachment":[{"href":"https:\/\/www-2021.scienzenutrizione.uniroma2.it\/index.php?rest_route=%2Fwp%2Fv2%2Fmedia&parent=34"}],"curies":[{"name":"wp","href":"https:\/\/api.w.org\/{rel}","templated":true}]}}