{"id":109,"date":"2021-10-27T16:42:07","date_gmt":"2021-10-27T14:42:07","guid":{"rendered":"https:\/\/www-2021.scienzenutrizione.uniroma2.it\/?page_id=109"},"modified":"2026-02-07T15:04:42","modified_gmt":"2026-02-07T14:04:42","slug":"internalizzazione","status":"publish","type":"page","link":"https:\/\/www-2021.scienzenutrizione.uniroma2.it\/?page_id=109","title":{"rendered":"Internazionalizzazione"},"content":{"rendered":"\n<p class=\"has-text-align-center has-medium-font-size\"> <strong><mark style=\"background-color:rgba(0, 0, 0, 0)\" class=\"has-inline-color has-vivid-red-color\">Presentazione Bando Erasmus+ per studio (UE\/ExtraUE) a.a.2026\/2027<\/mark><\/strong><\/p>\n\n\n\n<p>L&#8217;Ufficio Erasmus del nostro Ateneo invita tutti gli studenti interessati a partecipare alla Presentazione Bando Erasmus+ per studio (UE\/ExtraUE) a.a.2026\/2027 che si terr\u00e0 online l&#8217;<strong>11 febbraio 2026<\/strong> alle <strong>ore 14:00<\/strong> su piattaforma teams al seguente indirizzo:<br><br><a href=\"https:\/\/urldefense.com\/v3\/__https:\/\/teams.microsoft.com\/l\/meetup-join\/19*3ameeting_ODZkOTRiNGItYzUzZC00YjFiLTk2ZTItZTViYjU1NDkxNzEz*40thread.v2\/0?context=*7b*22Tid*22*3a*2224c5be2a-d764-40c5-9975-82d08ae47d0e*22*2c*22Oid*22*3a*2297b760cb-3094-434b-9aa3-8ba8b7a27d15*22*7d__;JSUlJSUlJSUlJSUlJSUl!!O5Bi4QcV!GjWXGvXduPHk7cKyKO76NzeuMMqlBC0qG3Jo8wXGELcUH-YtTnLJi0m5U1SXGXm7MPxGi2gZ0i3p-L2KbltevzjSNMrkInJh8kSo$\"><mark style=\"background-color:rgba(0, 0, 0, 0);color:#2917dc\" class=\"has-inline-color\">https:\/\/urldefense.com\/v3\/__https:\/\/teams.microsoft.com\/l\/meetup-join\/19*3ameeting_ODZkOTRiNGItYzUzZC00YjFiLTk2ZTItZTViYjU1NDkxNzEz*40thread.v2\/0?context=*7b*22Tid*22*3a*2224c5be2a-d764-40c5-9975-82d08ae47d0e*22*2c*22Oid*22*3a*2297b760cb-3094-434b-9aa3-8ba8b7a27d15*22*7d__;JSUlJSUlJSUlJSUlJSUl!!O5Bi4QcV!GjWXGvXduPHk7cKyKO76NzeuMMqlBC0qG3Jo8wXGELcUH-YtTnLJi0m5U1SXGXm7MPxGi2gZ0i3p-L2KbltevzjSNMrkInJh8kSo$<\/mark><\/a><br><br>Per gli studenti della Macroarea di Scienze, sar\u00e0 previsto un secondo incontro riguardante i requisiti del Bando Erasmus di Macroarea MM.FF.NN in data <strong>16 febbraio<\/strong> alle <strong>ore 1<\/strong>2 presso l&#8217;<strong>aula 21 di Sogene<\/strong>.<\/p>\n\n\n\n<div class=\"wp-block-group has-pale-cyan-blue-background-color has-background\"><div class=\"wp-block-group__inner-container is-layout-constrained wp-block-group-is-layout-constrained\">\n<div style=\"height:58px\" aria-hidden=\"true\" class=\"wp-block-spacer\"><\/div>\n\n\n\n<h2 class=\"wp-block-heading has-text-align-center\"><strong><mark style=\"background-color:rgba(0, 0, 0, 0)\" class=\"has-inline-color has-vivid-red-color\">OUTGOING ERASMUS STUDENTS<\/mark><\/strong><\/h2>\n\n\n\n<p><\/p>\n\n\n\n<div class=\"wp-block-group is-nowrap is-layout-flex wp-container-core-group-is-layout-ad2f72ca wp-block-group-is-layout-flex\">\n<p>Si comunica che \u00e8 uscito il Bando Erasmus per l&#8217;AA 2025\/2026.<\/p>\n<\/div>\n\n\n\n<p>Le informazioni sono visibili al seguente <a href=\"https:\/\/mobint.uniroma2.it\/erasmus\/welcome\/\" target=\"_blank\" rel=\"noreferrer noopener\"><mark style=\"background-color:rgba(0, 0, 0, 0);color:#1f1ae9\" class=\"has-inline-color\">link<\/mark><\/a><\/p>\n<\/div><\/div>\n\n\n\n<div class=\"wp-block-group has-pale-cyan-blue-background-color has-background\"><div class=\"wp-block-group__inner-container is-layout-constrained wp-block-group-is-layout-constrained\">\n<div style=\"height:58px\" aria-hidden=\"true\" class=\"wp-block-spacer\"><\/div>\n\n\n\n<h2 class=\"wp-block-heading has-text-align-center\"><strong><mark style=\"background-color:rgba(0, 0, 0, 0)\" class=\"has-inline-color has-vivid-red-color\">INGOING ERASMUS STUDENTS<\/mark><\/strong><\/h2>\n\n\n\n<p><\/p>\n\n\n\n<div class=\"wp-block-group is-nowrap is-layout-flex wp-container-core-group-is-layout-ad2f72ca wp-block-group-is-layout-flex\">\n<p>Here, you can find instructions how to apply:<\/p>\n\n\n\n<div class=\"wp-block-buttons is-content-justification-center is-layout-flex wp-container-core-buttons-is-layout-16018d1d wp-block-buttons-is-layout-flex\">\n<div class=\"wp-block-button is-style-outline is-style-outline--1\"><a class=\"wp-block-button__link has-white-color has-text-color has-background has-link-color wp-element-button\" href=\"https:\/\/www-2021.scienzenutrizione.uniroma2.it\/wp-content\/uploads\/2025\/09\/INGOING-ERASMUS-english.pdf\" style=\"background-color:#1b07e3\" target=\"_blank\" rel=\"noreferrer noopener\">English<\/a><\/div>\n\n\n\n<div class=\"wp-block-button is-style-outline is-style-outline--2\"><a class=\"wp-block-button__link has-white-color has-text-color has-background has-link-color wp-element-button\" href=\"https:\/\/www-2021.scienzenutrizione.uniroma2.it\/wp-content\/uploads\/2025\/09\/INGOING-ERASMUS-english.pdf\" style=\"background-color:#1b07e3\" target=\"_blank\" rel=\"noreferrer noopener\">Espa\u00f1ol<\/a><\/div>\n<\/div>\n<\/div>\n\n\n\n<div style=\"height:58px\" aria-hidden=\"true\" class=\"wp-block-spacer\"><\/div>\n<\/div><\/div>\n\n\n\n<figure class=\"wp-block-image\"><img loading=\"lazy\" decoding=\"async\" width=\"1024\" height=\"574\" src=\"https:\/\/www-2021.scienzenutrizione.uniroma2.it\/wp-content\/uploads\/2025\/06\/erasmus-2025-1024x574.png\" alt=\"\" class=\"wp-image-4254\" srcset=\"https:\/\/www-2021.scienzenutrizione.uniroma2.it\/wp-content\/uploads\/2025\/06\/erasmus-2025-1024x574.png 1024w, https:\/\/www-2021.scienzenutrizione.uniroma2.it\/wp-content\/uploads\/2025\/06\/erasmus-2025-300x168.png 300w, https:\/\/www-2021.scienzenutrizione.uniroma2.it\/wp-content\/uploads\/2025\/06\/erasmus-2025-768x430.png 768w, https:\/\/www-2021.scienzenutrizione.uniroma2.it\/wp-content\/uploads\/2025\/06\/erasmus-2025.png 1280w\" sizes=\"auto, (max-width: 1024px) 100vw, 1024px\" \/><\/figure>\n\n\n\n<div class=\"wp-block-media-text alignwide is-stacked-on-mobile\" style=\"grid-template-columns:27% auto\"><figure class=\"wp-block-media-text__media\"><img loading=\"lazy\" decoding=\"async\" width=\"724\" height=\"1024\" src=\"https:\/\/www-2021.scienzenutrizione.uniroma2.it\/wp-content\/uploads\/2025\/01\/bando-erasmus-2025-2026-724x1024.jpg\" alt=\"\" class=\"wp-image-4082 size-full\" srcset=\"https:\/\/www-2021.scienzenutrizione.uniroma2.it\/wp-content\/uploads\/2025\/01\/bando-erasmus-2025-2026-724x1024.jpg 724w, https:\/\/www-2021.scienzenutrizione.uniroma2.it\/wp-content\/uploads\/2025\/01\/bando-erasmus-2025-2026-212x300.jpg 212w, https:\/\/www-2021.scienzenutrizione.uniroma2.it\/wp-content\/uploads\/2025\/01\/bando-erasmus-2025-2026-768x1086.jpg 768w, https:\/\/www-2021.scienzenutrizione.uniroma2.it\/wp-content\/uploads\/2025\/01\/bando-erasmus-2025-2026.jpg 905w\" sizes=\"auto, (max-width: 724px) 100vw, 724px\" \/><\/figure><div class=\"wp-block-media-text__content\">\n<p class=\"has-medium-font-size\">E&#8217; in uscita il Bando Erasmus+ per gli studenti.&nbsp;<\/p>\n\n\n\n<p class=\"has-medium-font-size\">Informazioni sul programma sono reperibili al seguente link:<br><a href=\"https:\/\/scienze.uniroma2.it\/2022\/servizi\/\"><mark style=\"background-color:rgba(0, 0, 0, 0);color:#1134d1\" class=\"has-inline-color\">Internazionalizzazione \u2013 Macroarea di Scienze MM.FF.NN.<\/mark><\/a><\/p>\n<\/div><\/div>\n\n\n<div class=\"wp-block-image is-style-default\">\n<figure class=\"aligncenter size-full\"><img loading=\"lazy\" decoding=\"async\" width=\"410\" height=\"733\" src=\"https:\/\/www-2021.scienzenutrizione.uniroma2.it\/wp-content\/uploads\/2024\/11\/infoday-2024.png\" alt=\"\" class=\"wp-image-4058\" srcset=\"https:\/\/www-2021.scienzenutrizione.uniroma2.it\/wp-content\/uploads\/2024\/11\/infoday-2024.png 410w, https:\/\/www-2021.scienzenutrizione.uniroma2.it\/wp-content\/uploads\/2024\/11\/infoday-2024-168x300.png 168w\" sizes=\"auto, (max-width: 410px) 100vw, 410px\" \/><\/figure>\n<\/div>\n\n\n<div style=\"height:13px\" aria-hidden=\"true\" class=\"wp-block-spacer\"><\/div>\n\n\n\n<hr class=\"wp-block-separator has-text-color has-alpha-channel-opacity has-background is-style-wide\" style=\"background-color:#0f25d1;color:#0f25d1\"\/>\n\n\n\n<div class=\"wp-block-buttons is-content-justification-center is-layout-flex wp-container-core-buttons-is-layout-16018d1d wp-block-buttons-is-layout-flex\">\n<div class=\"wp-block-button has-custom-width wp-block-button__width-50 is-style-outline is-style-outline--3\"><a class=\"wp-block-button__link has-vivid-cyan-blue-color has-white-background-color has-text-color has-background wp-element-button\" href=\"https:\/\/www-2021.scienzenutrizione.uniroma2.it\/wp-content\/uploads\/2024\/11\/INGOING-ERASMUS.pdf\" target=\"_blank\" rel=\"noreferrer noopener\">INGOING ERASMUS<\/a><\/div>\n<\/div>\n\n\n\n<div style=\"height:33px\" aria-hidden=\"true\" class=\"wp-block-spacer\"><\/div>\n\n\n\n<hr class=\"wp-block-separator has-text-color has-black-color has-alpha-channel-opacity has-black-background-color has-background is-style-wide\"\/>\n\n\n\n<h2 class=\"wp-block-heading has-text-align-center has-vivid-red-color has-text-color\">Avviso Erasmus<\/h2>\n\n\n\n<p>Care Studentesse, Cari Studenti,<\/p>\n\n\n\n<p>Il nostro Ateneo intende candidarsi a costituire una sezione autonoma di <strong>ESN, Erasmus Student Network<\/strong>. Si tratta di un progetto che fornisce un prezioso supporto agli studenti e alle studentesse. ESN promuove moltissime attivit\u00e0: dall&#8217;accoglienza di studenti e studentesse Erasmus+ e Internazionali, all&#8217;organizzazione di Welcome Days, di tandem linguistici, serate ricreative, musicali, incontri sportivi, tutto all&#8217;insegna dell&#8217;Erasmus+ inteso come integrazione, benessere, internazionalizzazione, comunit\u00e0. Il bello di questo progetto \u00e8 che si basa proprio su di voi, studentesse e studenti!<\/p>\n\n\n\n<p>Siete voi i protagonisti di questo viaggio, che non solo vi mette in collegamento con tutti gli studenti e le studentesse Erasmus+ dell&#8217;Ateneo Tor Vergata, ma vi porta in Europa: ESN Italia \u00e8 parte di ESN Europa, il che significa entrare in rete con tante studentesse e studenti internazionali, con tante opportunit\u00e0 e nuove esperienze.<\/p>\n\n\n\n<p>Per maggiori informazioni visitate i link di seguito:<br><a rel=\"noreferrer noopener\" href=\"https:\/\/esn.it\/it\/chi-siamo\" target=\"_blank\"><mark style=\"background-color:rgba(0, 0, 0, 0);color:#1134d1\" class=\"has-inline-color\"><strong>ESN ITALIA<\/strong><\/mark><\/a><br><a href=\"https:\/\/www.esn.org\/\" target=\"_blank\" rel=\"noreferrer noopener\"><strong><mark style=\"background-color:rgba(0, 0, 0, 0);color:#1134d1\" class=\"has-inline-color\">ESN EUROPA<\/mark><\/strong><\/a><\/p>\n\n\n\n<p>Se volete saperne di pi\u00f9 e volete capire in che modo essere protagonisti della creazione di ESN a Tor Vergata, vi invitiamo a partecipare all&#8217;incontro informativo che organizzeremo a settembre: vi racconteremo di cosa si tratta, cosa occorra fare, vi mostreremo le principali attivit\u00e0 e vi presenteremo Valentina Carcione, vice presidente di ESN Italia, che vi racconter\u00e0 pi\u00f9 in dettaglio di questo progetto e potr\u00e0 rispondere a tutte le vostre domande.<br>Per informazioni sull&#8217;incontro informativo di settembre, basta compilare, senza impegno, il <a href=\"https:\/\/forms.office.com\/e\/z52Tv038xX\" target=\"_blank\" rel=\"noreferrer noopener\"><strong><mark style=\"background-color:rgba(0, 0, 0, 0);color:#1134d1\" class=\"has-inline-color\">form<\/mark><\/strong><\/a>.<\/p>\n\n\n\n<p><\/p>\n\n\n\n<hr class=\"wp-block-separator has-text-color has-alpha-channel-opacity has-background is-style-wide\" style=\"background-color:#2320e5;color:#2320e5\"\/>\n\n\n\n<h2 class=\"wp-block-heading has-text-align-center has-vivid-red-color has-text-color\">Avviso Erasmus<\/h2>\n\n\n\n<p class=\"has-medium-font-size\">Si comunica che il bando Erasmus AA 2024\/2025 \u00e8 stato appena pubblicato. Le candidature saranno aperte fino al <strong>1 marzo 2024<\/strong>.<\/p>\n\n\n\n<p>Informazioni al seguente <a href=\"https:\/\/scienze.uniroma2.it\/2024\/01\/24\/bando-erasmus-2024\/\" target=\"_blank\" rel=\"noreferrer noopener\"><mark style=\"background-color:rgba(0, 0, 0, 0);color:#1134d1\" class=\"has-inline-color\">link<\/mark><\/a><\/p>\n\n\n\n<hr class=\"wp-block-separator has-text-color has-alpha-channel-opacity has-background is-style-wide\" style=\"background-color:#2320e5;color:#2320e5\"\/>\n\n\n\n<h2 class=\"wp-block-heading has-text-align-center has-vivid-red-color has-text-color\">Avviso Erasmus<\/h2>\n\n\n\n<p class=\"has-medium-font-size\">Si comunica che il bando Erasmus a.a. 2023\/2024 \u00e8 stato appena pubblicato. Le candidature saranno aperte fino al <strong>28\/02\/2023<\/strong>.<\/p>\n\n\n\n<p>Informazioni al seguente <a href=\"https:\/\/mobint.uniroma2.it\/erasmus\/welcome\/\" target=\"_blank\" rel=\"noreferrer noopener\"><mark style=\"background-color:rgba(0, 0, 0, 0);color:#1134d1\" class=\"has-inline-color\">link<\/mark><\/a><\/p>\n\n\n\n<hr class=\"wp-block-separator has-text-color has-css-opacity has-background is-style-wide\" style=\"background-color:#0905eb;color:#0905eb\"\/>\n\n\n\n<h2 class=\"wp-block-heading has-text-align-center\"><mark style=\"background-color:rgba(0, 0, 0, 0)\" class=\"has-inline-color has-vivid-red-color\">AVVISO<\/mark><\/h2>\n\n\n\n<p>Vi segnalo il bando di assegnazione borse di studio per la Mobilit\u00e0 internazionale &#8211; OVERSEAS &#8211; 2023\/24 &nbsp;pubblicato al <a href=\"https:\/\/web.uniroma2.it\/it\/contenuto\/pubblicazione-del-bando-di-assegnazione-di-borse-di-studio-per-la-mobilit-internazionale-overseas-202324\" target=\"_blank\" rel=\"noreferrer noopener\"><mark style=\"background-color:rgba(0, 0, 0, 0);color:#0316c0\" class=\"has-inline-color\">link<\/mark><\/a><\/p>\n\n\n\n<hr class=\"wp-block-separator has-css-opacity is-style-wide\"\/>\n\n\n\n<p><\/p>\n\n\n\n<p class=\"has-vivid-red-color has-text-color has-medium-font-size\"><strong><span class=\"has-inline-color has-vivid-red-color\">Referente ERASMUS<\/span> per il Corso di laurea<\/strong><\/p>\n\n\n\n<p>Prof.ssa Alessandra Nardi <a href=\"mailto:alenardi@mat.uniroma2.it\"><span style=\"color:#0316c0\" class=\"has-inline-color\">alenardi@mat.uniroma2.it<\/span><\/a><\/p>\n\n\n\n<p class=\"has-medium-font-size\"> <span class=\"has-inline-color has-vivid-red-color\"><strong>Referente<\/strong><\/span><strong><span class=\"has-inline-color has-vivid-red-color\"> <strong>per la Macroarea di Scienze<\/strong><\/span><\/strong> <\/p>\n\n\n\n<p>Dr.ssa Ilenia Travaglini <a href=\"mailto:erasmus@scienze.uniroma2.it\"><mark style=\"background-color:rgba(0, 0, 0, 0);color:#0316c0\" class=\"has-inline-color\">erasmus@scienze.uniroma2.it<\/mark><\/a><\/p>\n\n\n\n<hr class=\"wp-block-separator has-css-opacity is-style-wide\"\/>\n\n\n\n<p><\/p>\n\n\n\n<p class=\"has-vivid-red-color has-text-color has-medium-font-size\"><strong>Studiare e lavorare all\u2019estero<\/strong><\/p>\n\n\n\n<p>I bandi in italiano sono presenti nel sito di Ateneo al seguente percorso:<\/p>\n\n\n\n<p class=\"has-text-color\" style=\"color:#4823de\"><a rel=\"noreferrer noopener\" href=\"http:\/\/web.uniroma2.it\/module\/name\/Content\/newlang\/italiano\/navpath\/ARI\/section_parent\/5128 \u2013\" target=\"_blank\"><mark style=\"background-color:rgba(0, 0, 0, 0);color:#1134d1\" class=\"has-inline-color\">http:\/\/web.uniroma2.it\/module\/name\/Content\/newlang\/italiano\/navpath\/ARI\/section_parent\/5128 \u2013<\/mark><\/a><\/p>\n\n\n\n<p><\/p>\n\n\n\n<p> I bandi in inglese sono presenti nel sito di Ateneo al seguente percorso: <\/p>\n\n\n\n<p class=\"has-text-color\" style=\"color:#1134d1\"><a rel=\"noreferrer noopener\" href=\"http:\/\/web.uniroma2.it\/module\/name\/Content\/newlang\/english\/navpath\/INT\/section_parent\/5645\" target=\"_blank\"><mark style=\"background-color:rgba(0, 0, 0, 0);color:#1134d1\" class=\"has-inline-color\">http:\/\/web.uniroma2.it\/module\/name\/Content\/newlang\/english\/navpath\/INT\/section_parent\/5645<\/mark><\/a><\/p>\n\n\n\n<p class=\"has-text-color\" style=\"color:#1134d1\"><a rel=\"noreferrer noopener\" href=\"http:\/\/web.uniroma2.it\/module\/name\/Content\/newlang\/english\/action\/showpage\/navpath\/INT\/content_id\/48293\/section_id\/5647\" target=\"_blank\"><mark style=\"background-color:rgba(0, 0, 0, 0);color:#1134d1\" class=\"has-inline-color\">http:\/\/web.uniroma2.it\/module\/name\/Content\/newlang\/english\/action\/showpage\/navpath\/INT\/content_id\/48293\/section_id\/5647<\/mark><\/a><\/p>\n","protected":false},"excerpt":{"rendered":"<p>Presentazione Bando Erasmus+ per studio (UE\/ExtraUE) a.a.2026\/2027 L&#8217;Ufficio Erasmus del nostro Ateneo invita tutti gli studenti interessati a partecipare alla Presentazione Bando Erasmus+ per studio (UE\/ExtraUE) a.a.2026\/2027 che si terr\u00e0 online l&#8217;11 febbraio 2026 alle ore 14:00 su piattaforma teams<\/p>\n","protected":false},"author":1,"featured_media":0,"parent":0,"menu_order":0,"comment_status":"closed","ping_status":"closed","template":"","meta":{"footnotes":""},"class_list":["post-109","page","type-page","status-publish","hentry"],"_links":{"self":[{"href":"https:\/\/www-2021.scienzenutrizione.uniroma2.it\/index.php?rest_route=\/wp\/v2\/pages\/109","targetHints":{"allow":["GET"]}}],"collection":[{"href":"https:\/\/www-2021.scienzenutrizione.uniroma2.it\/index.php?rest_route=\/wp\/v2\/pages"}],"about":[{"href":"https:\/\/www-2021.scienzenutrizione.uniroma2.it\/index.php?rest_route=\/wp\/v2\/types\/page"}],"author":[{"embeddable":true,"href":"https:\/\/www-2021.scienzenutrizione.uniroma2.it\/index.php?rest_route=\/wp\/v2\/users\/1"}],"replies":[{"embeddable":true,"href":"https:\/\/www-2021.scienzenutrizione.uniroma2.it\/index.php?rest_route=%2Fwp%2Fv2%2Fcomments&post=109"}],"version-history":[{"count":60,"href":"https:\/\/www-2021.scienzenutrizione.uniroma2.it\/index.php?rest_route=\/wp\/v2\/pages\/109\/revisions"}],"predecessor-version":[{"id":4670,"href":"https:\/\/www-2021.scienzenutrizione.uniroma2.it\/index.php?rest_route=\/wp\/v2\/pages\/109\/revisions\/4670"}],"wp:attachment":[{"href":"https:\/\/www-2021.scienzenutrizione.uniroma2.it\/index.php?rest_route=%2Fwp%2Fv2%2Fmedia&parent=109"}],"curies":[{"name":"wp","href":"https:\/\/api.w.org\/{rel}","templated":true}]}}